{"id":16,"date":"2024-03-18T12:14:22","date_gmt":"2024-03-18T11:14:22","guid":{"rendered":"https:\/\/arlesloveroom.fr\/?post_type=product&#038;p=16"},"modified":"2026-01-05T14:26:36","modified_gmt":"2026-01-05T13:26:36","slug":"oriental","status":"publish","type":"product","link":"https:\/\/arlesloveroom.fr\/?product=oriental","title":{"rendered":"Oriental"},"content":{"rendered":"<p>L&#8217;Oriental m\u00e9lange traditions et confort moderne, avec un <strong>jacuzzi priv\u00e9<\/strong> et un <strong>sauna distinct<\/strong> pour une escapade exotique et reposante.<\/p>\n<p><strong>Caract\u00e9ristiques<\/strong> :<\/p>\n<ul>\n<li>\ud83d\udecf\ufe0f <strong>Chambre Reposante<\/strong> : Un lit confortable dans un d\u00e9cor inspirant.<\/li>\n<li>\ud83d\udec1 <strong>Salle de Bain Ambiance Spa<\/strong> : Parfaitement \u00e9quip\u00e9e.<\/li>\n<li>\ud83e\uddd6 <strong>Oasis de Relaxation<\/strong> : Jacuzzi priv\u00e9 et sauna s\u00e9par\u00e9.<\/li>\n<li>\ud83c\udf73 <strong>Cuisine Equip\u00e9e<\/strong> : Id\u00e9ale pour vos inspirations culinaires.<\/li>\n<li>\ud83d\udcfa <strong>Connexion<\/strong> : Wifi haut d\u00e9bit.<\/li>\n<li>\ud83c\udf21\ufe0f <strong>Confort Optimal<\/strong> : Climatisation et chauffage.<\/li>\n<li>\ud83d\ude97 <strong>Parking<\/strong> : Gratuit sur place.<\/li>\n<\/ul>\n<p>* <strong>D\u00e9coration Personnalis\u00e9e<\/strong> : Nous offrons une personnalisation de la d\u00e9coration sur demande \u00e0 la r\u00e9ception.<\/p>\n","protected":false},"excerpt":{"rendered":"<div class=\"elementor-element elementor-element-b82e23a elementor-widget elementor-widget-woocommerce-product-short-description\" data-id=\"b82e23a\" data-element_type=\"widget\" data-widget_type=\"woocommerce-product-short-description.default\">\n<div class=\"elementor-widget-container\">\n<div class=\"woocommerce-product-details__short-description\">\n<p>Profitez d\u2019une\u00a0<strong>soir\u00e9e romantique<\/strong> dans notre appartement L&#8217;oriental.<\/p>\n<\/div>\n<\/div>\n<\/div>\n<div class=\"elementor-element elementor-element-bceb6fe elementor-widget elementor-widget-text-editor\" data-id=\"bceb6fe\" data-element_type=\"widget\" data-widget_type=\"text-editor.default\">\n<div class=\"elementor-widget-container\">\n<p>&nbsp;<\/p>\n<p>Arriv\u00e9e de\u00a0<strong>15h \u00e0 20h<\/strong>\u00a0\ud83d\udd59<br \/>\nD\u00e9part\u00a0<strong>maximum 12h<\/strong>\u00a0\ud83d\udd5b<\/p>\n<p><strong>06.60.29.18.63<\/strong><\/p>\n<\/div>\n<\/div>\n","protected":false},"featured_media":1698,"template":"","meta":{"site-sidebar-layout":"default","site-content-layout":"","ast-site-content-layout":"default","site-content-style":"default","site-sidebar-style":"default","ast-global-header-display":"","ast-banner-title-visibility":"","ast-main-header-display":"","ast-hfb-above-header-display":"","ast-hfb-below-header-display":"","ast-hfb-mobile-header-display":"","site-post-title":"","ast-breadcrumbs-content":"","ast-featured-img":"","footer-sml-layout":"","ast-disable-related-posts":"","theme-transparent-header-meta":"default","adv-header-id-meta":"","stick-header-meta":"","header-above-stick-meta":"","header-main-stick-meta":"","header-below-stick-meta":"","astra-migrate-meta-layouts":"set","ast-page-background-enabled":"default","ast-page-background-meta":{"desktop":{"background-color":"var(--ast-global-color-4)","background-image":"","background-repeat":"repeat","background-position":"center center","background-size":"auto","background-attachment":"scroll","background-type":"","background-media":"","overlay-type":"","overlay-color":"","overlay-opacity":"","overlay-gradient":""},"tablet":{"background-color":"","background-image":"","background-repeat":"repeat","background-position":"center center","background-size":"auto","background-attachment":"scroll","background-type":"","background-media":"","overlay-type":"","overlay-color":"","overlay-opacity":"","overlay-gradient":""},"mobile":{"background-color":"","background-image":"","background-repeat":"repeat","background-position":"center center","background-size":"auto","background-attachment":"scroll","background-type":"","background-media":"","overlay-type":"","overlay-color":"","overlay-opacity":"","overlay-gradient":""}},"ast-content-background-meta":{"desktop":{"background-color":"var(--ast-global-color-5)","background-image":"","background-repeat":"repeat","background-position":"center center","background-size":"auto","background-attachment":"scroll","background-type":"","background-media":"","overlay-type":"","overlay-color":"","overlay-opacity":"","overlay-gradient":""},"tablet":{"background-color":"var(--ast-global-color-5)","background-image":"","background-repeat":"repeat","background-position":"center center","background-size":"auto","background-attachment":"scroll","background-type":"","background-media":"","overlay-type":"","overlay-color":"","overlay-opacity":"","overlay-gradient":""},"mobile":{"background-color":"var(--ast-global-color-5)","background-image":"","background-repeat":"repeat","background-position":"center center","background-size":"auto","background-attachment":"scroll","background-type":"","background-media":"","overlay-type":"","overlay-color":"","overlay-opacity":"","overlay-gradient":""}}},"product_brand":[],"product_cat":[19],"product_tag":[],"class_list":{"0":"post-16","1":"product","2":"type-product","3":"status-publish","4":"has-post-thumbnail","6":"product_cat-appartement","7":"desktop-align-center","8":"tablet-align-left","9":"mobile-align-left","11":"first","12":"instock","13":"sold-individually","14":"shipping-taxable","15":"purchasable","16":"product-type-booking"},"_links":{"self":[{"href":"https:\/\/arlesloveroom.fr\/index.php?rest_route=\/wp\/v2\/product\/16","targetHints":{"allow":["GET"]}}],"collection":[{"href":"https:\/\/arlesloveroom.fr\/index.php?rest_route=\/wp\/v2\/product"}],"about":[{"href":"https:\/\/arlesloveroom.fr\/index.php?rest_route=\/wp\/v2\/types\/product"}],"wp:featuredmedia":[{"embeddable":true,"href":"https:\/\/arlesloveroom.fr\/index.php?rest_route=\/wp\/v2\/media\/1698"}],"wp:attachment":[{"href":"https:\/\/arlesloveroom.fr\/index.php?rest_route=%2Fwp%2Fv2%2Fmedia&parent=16"}],"wp:term":[{"taxonomy":"product_brand","embeddable":true,"href":"https:\/\/arlesloveroom.fr\/index.php?rest_route=%2Fwp%2Fv2%2Fproduct_brand&post=16"},{"taxonomy":"product_cat","embeddable":true,"href":"https:\/\/arlesloveroom.fr\/index.php?rest_route=%2Fwp%2Fv2%2Fproduct_cat&post=16"},{"taxonomy":"product_tag","embeddable":true,"href":"https:\/\/arlesloveroom.fr\/index.php?rest_route=%2Fwp%2Fv2%2Fproduct_tag&post=16"}],"curies":[{"name":"wp","href":"https:\/\/api.w.org\/{rel}","templated":true}]}}