{"id":1546,"date":"2025-03-14T14:09:52","date_gmt":"2025-03-14T13:09:52","guid":{"rendered":"https:\/\/arlesloveroom.fr\/?post_type=product&#038;p=1546"},"modified":"2026-01-23T13:04:38","modified_gmt":"2026-01-23T12:04:38","slug":"room-house","status":"publish","type":"product","link":"https:\/\/arlesloveroom.fr\/?product=room-house","title":{"rendered":"Room House"},"content":{"rendered":"<p>La room house vous invite \u00e0 un s\u00e9jour o\u00f9 luxe et confort se rencontrent, avec un <strong>jacuzzi priv\u00e9<\/strong> et un <strong>sauna s\u00e9par\u00e9<\/strong> pour une relaxation compl\u00e8te. D\u00e9couvrez cet espace con\u00e7u pour les couples en qu\u00eate d&#8217;une exp\u00e9rience romantique inoubliable, maintenant enrichi d&#8217;une magnifique <strong>terrasse ext\u00e9rieure<\/strong>.<\/p>\n<ul>\n<li>\ud83d\udecf\ufe0f <strong>Chambre<\/strong> : 1 lit queen size pour des nuits de r\u00eave.<\/li>\n<li>\ud83d\udec1 <strong>Salle de Bain Luxueuse<\/strong> : \u00c9quip\u00e9e de tous les indispensables pour votre confort.<\/li>\n<li>\ud83e\uddd6 <strong>Relaxation<\/strong> : Jacuzzi priv\u00e9 et sauna s\u00e9par\u00e9 pour une d\u00e9tente profonde.<\/li>\n<li>\ud83c\udf73 <strong>Cuisine Enti\u00e8rement \u00c9quip\u00e9e<\/strong><\/li>\n<li>\ud83d\udcfa <strong>Divertissement<\/strong> : TV HD, syst\u00e8me audio.<\/li>\n<li>\ud83c\udf21\ufe0f <strong>Confort<\/strong> : Climatisation et chauffage.<\/li>\n<li>\ud83d\udcbc <strong>Espace Travail<\/strong> : Wifi haut d\u00e9bit.<\/li>\n<li>\ud83d\ude97 <strong>Parking<\/strong> : Gratuit sur place.<\/li>\n<li>\ud83c\udf33 <strong>Ext\u00e9rieur<\/strong> : Terrasse ext\u00e9rieure pour profiter de moments privil\u00e9gi\u00e9s en plein air.<\/li>\n<\/ul>\n<p>* <strong>D\u00e9coration Personnalis\u00e9e<\/strong> : Possibilit\u00e9 de d\u00e9coration sur demande<\/p>\n","protected":false},"excerpt":{"rendered":"<div class=\"elementor-element elementor-element-b82e23a elementor-widget elementor-widget-woocommerce-product-short-description\" data-id=\"b82e23a\" data-element_type=\"widget\" data-widget_type=\"woocommerce-product-short-description.default\">\n<div class=\"elementor-widget-container\">\n<div class=\"woocommerce-product-details__short-description\">\n<p>Profitez d\u2019une\u00a0<strong>soir\u00e9e romantique<\/strong> dans notre appartement Le Room house.<\/p>\n<\/div>\n<\/div>\n<\/div>\n<div class=\"elementor-element elementor-element-bceb6fe elementor-widget elementor-widget-text-editor\" data-id=\"bceb6fe\" data-element_type=\"widget\" data-widget_type=\"text-editor.default\">\n<div class=\"elementor-widget-container\">\n<p>&nbsp;<\/p>\n<p>Arriv\u00e9e de\u00a0<strong>15h \u00e0 20h<\/strong>\u00a0\ud83d\udd59<br \/>\nD\u00e9part\u00a0<strong>maximum 12h<\/strong>\u00a0\ud83d\udd5b<\/p>\n<p><strong>06.60.29.18.63<\/strong><\/p>\n<\/div>\n<\/div>\n","protected":false},"featured_media":1547,"template":"","meta":{"site-sidebar-layout":"default","site-content-layout":"","ast-site-content-layout":"default","site-content-style":"default","site-sidebar-style":"default","ast-global-header-display":"","ast-banner-title-visibility":"","ast-main-header-display":"","ast-hfb-above-header-display":"","ast-hfb-below-header-display":"","ast-hfb-mobile-header-display":"","site-post-title":"","ast-breadcrumbs-content":"","ast-featured-img":"","footer-sml-layout":"","ast-disable-related-posts":"","theme-transparent-header-meta":"default","adv-header-id-meta":"","stick-header-meta":"","header-above-stick-meta":"","header-main-stick-meta":"","header-below-stick-meta":"","astra-migrate-meta-layouts":"set","ast-page-background-enabled":"default","ast-page-background-meta":{"desktop":{"background-color":"var(--ast-global-color-4)","background-image":"","background-repeat":"repeat","background-position":"center center","background-size":"auto","background-attachment":"scroll","background-type":"","background-media":"","overlay-type":"","overlay-color":"","overlay-opacity":"","overlay-gradient":""},"tablet":{"background-color":"","background-image":"","background-repeat":"repeat","background-position":"center center","background-size":"auto","background-attachment":"scroll","background-type":"","background-media":"","overlay-type":"","overlay-color":"","overlay-opacity":"","overlay-gradient":""},"mobile":{"background-color":"","background-image":"","background-repeat":"repeat","background-position":"center center","background-size":"auto","background-attachment":"scroll","background-type":"","background-media":"","overlay-type":"","overlay-color":"","overlay-opacity":"","overlay-gradient":""}},"ast-content-background-meta":{"desktop":{"background-color":"var(--ast-global-color-5)","background-image":"","background-repeat":"repeat","background-position":"center center","background-size":"auto","background-attachment":"scroll","background-type":"","background-media":"","overlay-type":"","overlay-color":"","overlay-opacity":"","overlay-gradient":""},"tablet":{"background-color":"var(--ast-global-color-5)","background-image":"","background-repeat":"repeat","background-position":"center center","background-size":"auto","background-attachment":"scroll","background-type":"","background-media":"","overlay-type":"","overlay-color":"","overlay-opacity":"","overlay-gradient":""},"mobile":{"background-color":"var(--ast-global-color-5)","background-image":"","background-repeat":"repeat","background-position":"center center","background-size":"auto","background-attachment":"scroll","background-type":"","background-media":"","overlay-type":"","overlay-color":"","overlay-opacity":"","overlay-gradient":""}}},"product_brand":[],"product_cat":[19],"product_tag":[],"class_list":{"0":"post-1546","1":"product","2":"type-product","3":"status-publish","4":"has-post-thumbnail","6":"product_cat-appartement","7":"desktop-align-center","8":"tablet-align-left","9":"mobile-align-left","11":"first","12":"instock","13":"virtual","14":"sold-individually","15":"purchasable","16":"product-type-booking"},"_links":{"self":[{"href":"https:\/\/arlesloveroom.fr\/index.php?rest_route=\/wp\/v2\/product\/1546","targetHints":{"allow":["GET"]}}],"collection":[{"href":"https:\/\/arlesloveroom.fr\/index.php?rest_route=\/wp\/v2\/product"}],"about":[{"href":"https:\/\/arlesloveroom.fr\/index.php?rest_route=\/wp\/v2\/types\/product"}],"wp:featuredmedia":[{"embeddable":true,"href":"https:\/\/arlesloveroom.fr\/index.php?rest_route=\/wp\/v2\/media\/1547"}],"wp:attachment":[{"href":"https:\/\/arlesloveroom.fr\/index.php?rest_route=%2Fwp%2Fv2%2Fmedia&parent=1546"}],"wp:term":[{"taxonomy":"product_brand","embeddable":true,"href":"https:\/\/arlesloveroom.fr\/index.php?rest_route=%2Fwp%2Fv2%2Fproduct_brand&post=1546"},{"taxonomy":"product_cat","embeddable":true,"href":"https:\/\/arlesloveroom.fr\/index.php?rest_route=%2Fwp%2Fv2%2Fproduct_cat&post=1546"},{"taxonomy":"product_tag","embeddable":true,"href":"https:\/\/arlesloveroom.fr\/index.php?rest_route=%2Fwp%2Fv2%2Fproduct_tag&post=1546"}],"curies":[{"name":"wp","href":"https:\/\/api.w.org\/{rel}","templated":true}]}}