{"id":334,"date":"2024-03-30T13:31:45","date_gmt":"2024-03-30T12:31:45","guid":{"rendered":"https:\/\/arlesloveroom.fr\/?page_id=334"},"modified":"2024-03-30T14:00:21","modified_gmt":"2024-03-30T13:00:21","slug":"politique-de-confidentialite-2","status":"publish","type":"page","link":"https:\/\/arlesloveroom.fr\/?page_id=334","title":{"rendered":"Politique de confidentialit\u00e9"},"content":{"rendered":"\n<p><strong>Introduction<\/strong><\/p>\n\n\n\n<p>Chez Arles LOVE Room, accessible depuis <a href=\"https:\/\/arlesloveroom.fr\/\">https:\/\/arlesloveroom.fr<\/a>, la confidentialit\u00e9 de nos visiteurs est l&#8217;une de nos principales priorit\u00e9s. Cette politique de confidentialit\u00e9 documente les types d&#8217;informations personnelles que nous collectons et enregistrons, ainsi que les usages sp\u00e9cifiques de ces informations.<\/p>\n\n\n\n<p><strong>Collecte et Utilisation des Donn\u00e9es Personnelles<\/strong><\/p>\n\n\n\n<p><strong>Informations que nous collectons :<\/strong><\/p>\n\n\n\n<p>Lorsque vous effectuez une r\u00e9servation sur Arles LOVE Room, en tant que partie de notre processus de r\u00e9servation, nous collectons les informations personnelles que vous nous donnez telles que votre nom, adresse e-mail et d\u00e9tails de r\u00e9servation.<\/p>\n\n\n\n<p><strong>Utilisation des informations :<\/strong><\/p>\n\n\n\n<p>Vos informations nous permettent de :<\/p>\n\n\n\n<ul class=\"wp-block-list\">\n<li>Traiter votre commande et g\u00e9rer votre s\u00e9jour.<\/li>\n\n\n\n<li>Am\u00e9liorer et personnaliser votre exp\u00e9rience sur notre site.<\/li>\n\n\n\n<li>Communiquer avec vous, y compris les confirmations de r\u00e9servation, les mises \u00e0 jour, et les informations de service client.<\/li>\n\n\n\n<li>Pour toute autre utilisation, telle que d\u00e9crite lors de la collecte des informations.<\/li>\n<\/ul>\n\n\n\n<p><strong>Cookies et Suivi Web<\/strong><\/p>\n\n\n\n<p>Nous utilisons des cookies pour am\u00e9liorer votre exp\u00e9rience sur notre site web, pour comprendre comment nos utilisateurs interagissent avec le site, et pour des analyses de performance. Vous avez la possibilit\u00e9 de refuser les cookies \u00e0 travers les param\u00e8tres de votre navigateur.<\/p>\n\n\n\n<p><strong>Conservation des Donn\u00e9es<\/strong><\/p>\n\n\n\n<p>Nous conservons vos informations personnelles aussi longtemps que n\u00e9cessaire pour vous fournir nos services, ou pour d&#8217;autres buts essentiels tels que le respect de nos obligations l\u00e9gales, la r\u00e9solution des litiges, et l&#8217;application de nos politiques.<\/p>\n\n\n\n<p><strong>S\u00e9curit\u00e9<\/strong><\/p>\n\n\n\n<p>La s\u00e9curit\u00e9 de vos donn\u00e9es personnelles est importante pour nous. Nous suivons des normes de s\u00e9curit\u00e9 pour prot\u00e9ger vos informations personnelles contre l&#8217;acc\u00e8s non autoris\u00e9, la divulgation, la modification ou la destruction non autoris\u00e9e.<\/p>\n\n\n\n<p><strong>Partage de vos informations personnelles<\/strong><\/p>\n\n\n\n<p>Nous ne vendons, n&#8217;\u00e9changeons, ni ne louons vos informations d&#8217;identification personnelle \u00e0 des tiers. Nous pouvons partager des informations g\u00e9n\u00e9riques agr\u00e9g\u00e9es non li\u00e9es \u00e0 des informations personnelles concernant les visiteurs et les utilisateurs avec nos partenaires commerciaux, affili\u00e9s de confiance et annonceurs.<\/p>\n\n\n\n<p><strong>Vos Droits<\/strong><\/p>\n\n\n\n<p>Vous avez le droit de demander l&#8217;acc\u00e8s aux donn\u00e9es personnelles que nous d\u00e9tenons \u00e0 votre sujet, de demander leur correction ou suppression. Vous pouvez \u00e9galement limiter le traitement de vos donn\u00e9es personnelles ou vous opposer \u00e0 leur traitement.<\/p>\n\n\n\n<p><strong>Modifications de cette Politique de Confidentialit\u00e9<\/strong><\/p>\n\n\n\n<p>Nous pouvons mettre \u00e0 jour notre politique de confidentialit\u00e9 de temps \u00e0 autre. Nous vous notifierons de tout changement en publiant la nouvelle politique de confidentialit\u00e9 sur cette page.<\/p>\n\n\n\n<p><strong>Contactez-nous<\/strong><\/p>\n\n\n\n<p>Pour toute question ou pr\u00e9occupation concernant cette politique de confidentialit\u00e9, veuillez nous contacter via notre site web.<\/p>\n\n\n\n<p><\/p>\n\n\n\n<p><\/p>\n\n\n\n<p><\/p>\n\n\n\n<p><\/p>\n","protected":false},"excerpt":{"rendered":"<p>Introduction Chez Arles LOVE Room, accessible depuis https:\/\/arlesloveroom.fr, la confidentialit\u00e9 de nos visiteurs est l&#8217;une de nos principales priorit\u00e9s. Cette politique de confidentialit\u00e9 documente les types d&#8217;informations personnelles que nous collectons et enregistrons, ainsi que les usages sp\u00e9cifiques de ces informations. Collecte et Utilisation des Donn\u00e9es Personnelles Informations que nous collectons : Lorsque vous effectuez [&hellip;]<\/p>\n","protected":false},"author":1,"featured_media":0,"parent":0,"menu_order":0,"comment_status":"closed","ping_status":"closed","template":"","meta":{"site-sidebar-layout":"default","site-content-layout":"","ast-site-content-layout":"default","site-content-style":"default","site-sidebar-style":"default","ast-global-header-display":"","ast-banner-title-visibility":"","ast-main-header-display":"","ast-hfb-above-header-display":"","ast-hfb-below-header-display":"","ast-hfb-mobile-header-display":"","site-post-title":"","ast-breadcrumbs-content":"","ast-featured-img":"","footer-sml-layout":"","ast-disable-related-posts":"","theme-transparent-header-meta":"","adv-header-id-meta":"","stick-header-meta":"","header-above-stick-meta":"","header-main-stick-meta":"","header-below-stick-meta":"","astra-migrate-meta-layouts":"set","ast-page-background-enabled":"default","ast-page-background-meta":{"desktop":{"background-color":"var(--ast-global-color-4)","background-image":"","background-repeat":"repeat","background-position":"center center","background-size":"auto","background-attachment":"scroll","background-type":"","background-media":"","overlay-type":"","overlay-color":"","overlay-opacity":"","overlay-gradient":""},"tablet":{"background-color":"","background-image":"","background-repeat":"repeat","background-position":"center center","background-size":"auto","background-attachment":"scroll","background-type":"","background-media":"","overlay-type":"","overlay-color":"","overlay-opacity":"","overlay-gradient":""},"mobile":{"background-color":"","background-image":"","background-repeat":"repeat","background-position":"center center","background-size":"auto","background-attachment":"scroll","background-type":"","background-media":"","overlay-type":"","overlay-color":"","overlay-opacity":"","overlay-gradient":""}},"ast-content-background-meta":{"desktop":{"background-color":"var(--ast-global-color-5)","background-image":"","background-repeat":"repeat","background-position":"center center","background-size":"auto","background-attachment":"scroll","background-type":"","background-media":"","overlay-type":"","overlay-color":"","overlay-opacity":"","overlay-gradient":""},"tablet":{"background-color":"var(--ast-global-color-5)","background-image":"","background-repeat":"repeat","background-position":"center center","background-size":"auto","background-attachment":"scroll","background-type":"","background-media":"","overlay-type":"","overlay-color":"","overlay-opacity":"","overlay-gradient":""},"mobile":{"background-color":"var(--ast-global-color-5)","background-image":"","background-repeat":"repeat","background-position":"center center","background-size":"auto","background-attachment":"scroll","background-type":"","background-media":"","overlay-type":"","overlay-color":"","overlay-opacity":"","overlay-gradient":""}},"footnotes":""},"class_list":["post-334","page","type-page","status-publish","hentry"],"_links":{"self":[{"href":"https:\/\/arlesloveroom.fr\/index.php?rest_route=\/wp\/v2\/pages\/334","targetHints":{"allow":["GET"]}}],"collection":[{"href":"https:\/\/arlesloveroom.fr\/index.php?rest_route=\/wp\/v2\/pages"}],"about":[{"href":"https:\/\/arlesloveroom.fr\/index.php?rest_route=\/wp\/v2\/types\/page"}],"author":[{"embeddable":true,"href":"https:\/\/arlesloveroom.fr\/index.php?rest_route=\/wp\/v2\/users\/1"}],"replies":[{"embeddable":true,"href":"https:\/\/arlesloveroom.fr\/index.php?rest_route=%2Fwp%2Fv2%2Fcomments&post=334"}],"version-history":[{"count":2,"href":"https:\/\/arlesloveroom.fr\/index.php?rest_route=\/wp\/v2\/pages\/334\/revisions"}],"predecessor-version":[{"id":343,"href":"https:\/\/arlesloveroom.fr\/index.php?rest_route=\/wp\/v2\/pages\/334\/revisions\/343"}],"wp:attachment":[{"href":"https:\/\/arlesloveroom.fr\/index.php?rest_route=%2Fwp%2Fv2%2Fmedia&parent=334"}],"curies":[{"name":"wp","href":"https:\/\/api.w.org\/{rel}","templated":true}]}}