{"id":29,"date":"2024-03-18T13:27:46","date_gmt":"2024-03-18T12:27:46","guid":{"rendered":"https:\/\/arlesloveroom.fr\/?page_id=29"},"modified":"2025-11-27T20:28:49","modified_gmt":"2025-11-27T19:28:49","slug":"elementor-29","status":"publish","type":"page","link":"https:\/\/arlesloveroom.fr\/","title":{"rendered":"Accueil"},"content":{"rendered":"\t\t<div data-elementor-type=\"wp-page\" data-elementor-id=\"29\" class=\"elementor elementor-29\" data-elementor-post-type=\"page\">\n\t\t\t\t<div class=\"elementor-element elementor-element-9a82002 e-flex e-con-boxed e-con e-parent\" data-id=\"9a82002\" data-element_type=\"container\" data-e-type=\"container\" data-settings=\"{&quot;background_background&quot;:&quot;slideshow&quot;,&quot;background_slideshow_gallery&quot;:[{&quot;id&quot;:53,&quot;url&quot;:&quot;https:\\\/\\\/arlesloveroom.fr\\\/wp-content\\\/uploads\\\/2024\\\/03\\\/b6fa4c79-3bf7-4c62-a13a-4a39a2b04f35.png&quot;},{&quot;id&quot;:52,&quot;url&quot;:&quot;https:\\\/\\\/arlesloveroom.fr\\\/wp-content\\\/uploads\\\/2024\\\/03\\\/54956dca-6e37-4c1e-8d06-cccbcd26675d-1.png&quot;},{&quot;id&quot;:48,&quot;url&quot;:&quot;https:\\\/\\\/arlesloveroom.fr\\\/wp-content\\\/uploads\\\/2024\\\/03\\\/5fa55a41-2220-4078-8938-c5b6bb8200a8.png&quot;},{&quot;id&quot;:46,&quot;url&quot;:&quot;https:\\\/\\\/arlesloveroom.fr\\\/wp-content\\\/uploads\\\/2024\\\/03\\\/132b5177-0049-48fd-afea-29dbf2ea6081.png&quot;},{&quot;id&quot;:17,&quot;url&quot;:&quot;https:\\\/\\\/arlesloveroom.fr\\\/wp-content\\\/uploads\\\/2024\\\/03\\\/1356c0e3-e582-468e-9305-b1823a1c513d.webp&quot;}],&quot;background_slideshow_ken_burns&quot;:&quot;yes&quot;,&quot;background_slideshow_loop&quot;:&quot;yes&quot;,&quot;background_slideshow_slide_duration&quot;:5000,&quot;background_slideshow_slide_transition&quot;:&quot;fade&quot;,&quot;background_slideshow_transition_duration&quot;:500,&quot;background_slideshow_ken_burns_zoom_direction&quot;:&quot;in&quot;}\">\n\t\t\t\t\t<div class=\"e-con-inner\">\n\t\t\t\t<div class=\"elementor-element elementor-element-eaa4017 elementor-widget elementor-widget-heading\" data-id=\"eaa4017\" data-element_type=\"widget\" data-e-type=\"widget\" data-widget_type=\"heading.default\">\n\t\t\t\t<div class=\"elementor-widget-container\">\n\t\t\t\t\t<h2 class=\"elementor-heading-title elementor-size-default\">Plongez au c\u0153ur de la romance : votre oasis d'amour avec jacuzzi priv\u00e9 vous attend<\/h2>\t\t\t\t<\/div>\n\t\t\t\t<\/div>\n\t\t\t\t<div class=\"elementor-element elementor-element-f73d101 elementor-widget elementor-widget-spacer\" data-id=\"f73d101\" data-element_type=\"widget\" data-e-type=\"widget\" data-widget_type=\"spacer.default\">\n\t\t\t\t<div class=\"elementor-widget-container\">\n\t\t\t\t\t\t\t<div class=\"elementor-spacer\">\n\t\t\t<div class=\"elementor-spacer-inner\"><\/div>\n\t\t<\/div>\n\t\t\t\t\t\t<\/div>\n\t\t\t\t<\/div>\n\t\t\t\t\t<\/div>\n\t\t\t\t<\/div>\n\t\t<div class=\"elementor-element elementor-element-f9ab1bc e-flex e-con-boxed e-con e-parent\" data-id=\"f9ab1bc\" data-element_type=\"container\" data-e-type=\"container\">\n\t\t\t\t\t<div class=\"e-con-inner\">\n\t\t<div class=\"elementor-element elementor-element-5d9d181 e-con-full e-flex e-con e-child\" data-id=\"5d9d181\" data-element_type=\"container\" data-e-type=\"container\">\n\t\t\t\t<div class=\"elementor-element elementor-element-4582fb3 elementor-widget elementor-widget-heading\" data-id=\"4582fb3\" data-element_type=\"widget\" data-e-type=\"widget\" data-widget_type=\"heading.default\">\n\t\t\t\t<div class=\"elementor-widget-container\">\n\t\t\t\t\t<h2 class=\"elementor-heading-title elementor-size-default\">Arles : Entre Antique et Modernisme<\/h2>\t\t\t\t<\/div>\n\t\t\t\t<\/div>\n\t\t\t\t<div class=\"elementor-element elementor-element-3076af9 elementor-widget elementor-widget-text-editor\" data-id=\"3076af9\" data-element_type=\"widget\" data-e-type=\"widget\" data-widget_type=\"text-editor.default\">\n\t\t\t\t<div class=\"elementor-widget-container\">\n\t\t\t\t\t\t\t\t\t<p>Une cit\u00e9 o\u00f9 le temps ancien et le confort contemporain se rencontrent. Marchez sur les traces des Romains, puis d\u00e9tendez-vous dans l&#8217;intimit\u00e9 d&#8217;un jacuzzi, symbole d&#8217;une ville qui marie avec \u00e9l\u00e9gance son h\u00e9ritage historique \u00e0 une touche de modernit\u00e9.<\/p>\t\t\t\t\t\t\t\t<\/div>\n\t\t\t\t<\/div>\n\t\t\t\t<\/div>\n\t\t<div class=\"elementor-element elementor-element-0427e94 e-con-full e-flex e-con e-child\" data-id=\"0427e94\" data-element_type=\"container\" data-e-type=\"container\">\n\t\t\t\t<div class=\"elementor-element elementor-element-457da12 elementor-widget elementor-widget-spacer\" data-id=\"457da12\" data-element_type=\"widget\" data-e-type=\"widget\" data-widget_type=\"spacer.default\">\n\t\t\t\t<div class=\"elementor-widget-container\">\n\t\t\t\t\t\t\t<div class=\"elementor-spacer\">\n\t\t\t<div class=\"elementor-spacer-inner\"><\/div>\n\t\t<\/div>\n\t\t\t\t\t\t<\/div>\n\t\t\t\t<\/div>\n\t\t\t\t<div class=\"elementor-element elementor-element-805b215 elementor-align-center elementor-widget elementor-widget-lottie\" data-id=\"805b215\" data-element_type=\"widget\" data-e-type=\"widget\" data-settings=\"{&quot;source_json&quot;:{&quot;url&quot;:&quot;https:\\\/\\\/arlesloveroom.fr\\\/wp-content\\\/uploads\\\/2024\\\/03\\\/dating.json&quot;,&quot;id&quot;:133,&quot;size&quot;:&quot;&quot;,&quot;alt&quot;:&quot;&quot;,&quot;source&quot;:&quot;library&quot;},&quot;trigger&quot;:&quot;bind_to_scroll&quot;,&quot;source&quot;:&quot;media_file&quot;,&quot;caption_source&quot;:&quot;none&quot;,&quot;link_to&quot;:&quot;none&quot;,&quot;viewport&quot;:{&quot;unit&quot;:&quot;%&quot;,&quot;size&quot;:&quot;&quot;,&quot;sizes&quot;:{&quot;start&quot;:0,&quot;end&quot;:100}},&quot;effects_relative_to&quot;:&quot;viewport&quot;,&quot;start_point&quot;:{&quot;unit&quot;:&quot;%&quot;,&quot;size&quot;:0,&quot;sizes&quot;:[]},&quot;end_point&quot;:{&quot;unit&quot;:&quot;%&quot;,&quot;size&quot;:100,&quot;sizes&quot;:[]},&quot;renderer&quot;:&quot;svg&quot;}\" data-widget_type=\"lottie.default\">\n\t\t\t\t<div class=\"elementor-widget-container\">\n\t\t\t\t\t<div class=\"e-lottie__container\"><div class=\"e-lottie__animation\"><\/div><\/div>\t\t\t\t<\/div>\n\t\t\t\t<\/div>\n\t\t\t\t<div class=\"elementor-element elementor-element-46dd18c elementor-widget elementor-widget-spacer\" data-id=\"46dd18c\" data-element_type=\"widget\" data-e-type=\"widget\" data-widget_type=\"spacer.default\">\n\t\t\t\t<div class=\"elementor-widget-container\">\n\t\t\t\t\t\t\t<div class=\"elementor-spacer\">\n\t\t\t<div class=\"elementor-spacer-inner\"><\/div>\n\t\t<\/div>\n\t\t\t\t\t\t<\/div>\n\t\t\t\t<\/div>\n\t\t\t\t<\/div>\n\t\t\t\t\t<\/div>\n\t\t\t\t<\/div>\n\t\t<div class=\"elementor-element elementor-element-557c248 e-con-full e-flex e-con e-parent\" data-id=\"557c248\" data-element_type=\"container\" data-e-type=\"container\">\n\t\t\t\t<div class=\"elementor-element elementor-element-0a6818f elementor-widget elementor-widget-html\" data-id=\"0a6818f\" data-element_type=\"widget\" data-e-type=\"widget\" data-widget_type=\"html.default\">\n\t\t\t\t<div class=\"elementor-widget-container\">\n\t\t\t\t\t<div class=\"banner\">\r\n    <h1>10% de r\u00e9duction<\/h1>\r\n    <p>Utilisez le code <span class=\"promo-code\">love10<\/span><\/p>\r\n    <span class=\"floating-heart\" style=\"position: absolute; top: 50%; right: 10%; transform: translateY(-50%); font-size: 2em; color: #ff6b6b;\">\u2764\ufe0f<\/span>\r\n<\/div>\r\n\t\t\t\t<\/div>\n\t\t\t\t<\/div>\n\t\t\t\t<div class=\"elementor-element elementor-element-bc4ec8f elementor-widget elementor-widget-spacer\" data-id=\"bc4ec8f\" data-element_type=\"widget\" data-e-type=\"widget\" data-widget_type=\"spacer.default\">\n\t\t\t\t<div class=\"elementor-widget-container\">\n\t\t\t\t\t\t\t<div class=\"elementor-spacer\">\n\t\t\t<div class=\"elementor-spacer-inner\"><\/div>\n\t\t<\/div>\n\t\t\t\t\t\t<\/div>\n\t\t\t\t<\/div>\n\t\t\t\t<\/div>\n\t\t<div class=\"elementor-element elementor-element-aaf07b4 e-flex e-con-boxed e-con e-parent\" data-id=\"aaf07b4\" data-element_type=\"container\" data-e-type=\"container\">\n\t\t\t\t\t<div class=\"e-con-inner\">\n\t\t\t\t<div class=\"elementor-element elementor-element-645f4f9 elementor-grid-3 elementor-product-loop-item--align-center elementor-grid-mobile-1 elementor-grid-tablet-3 elementor-products-grid elementor-wc-products elementor-widget elementor-widget-woocommerce-products\" data-id=\"645f4f9\" data-element_type=\"widget\" data-e-type=\"widget\" data-widget_type=\"woocommerce-products.default\">\n\t\t\t\t<div class=\"elementor-widget-container\">\n\t\t\t\t\t<div class=\"woocommerce columns-3 \"><ul class=\"products elementor-grid columns-3\">\n<li class=\"desktop-align-center tablet-align-left mobile-align-left product type-product post-1546 status-publish first instock product_cat-appartement has-post-thumbnail virtual sold-individually purchasable product-type-booking\">\n\t<a href=\"https:\/\/arlesloveroom.fr\/?product=room-house\" class=\"woocommerce-LoopProduct-link woocommerce-loop-product__link\"><img fetchpriority=\"high\" decoding=\"async\" width=\"300\" height=\"300\" src=\"https:\/\/arlesloveroom.fr\/wp-content\/uploads\/2025\/03\/WhatsApp-Image-2025-03-14-a-13.44.43_cefb27c5-e1741957627860-300x300.jpg\" class=\"attachment-woocommerce_thumbnail size-woocommerce_thumbnail\" alt=\"Room House\" srcset=\"https:\/\/arlesloveroom.fr\/wp-content\/uploads\/2025\/03\/WhatsApp-Image-2025-03-14-a-13.44.43_cefb27c5-e1741957627860-300x300.jpg 300w, https:\/\/arlesloveroom.fr\/wp-content\/uploads\/2025\/03\/WhatsApp-Image-2025-03-14-a-13.44.43_cefb27c5-e1741957627860-150x150.jpg 150w, https:\/\/arlesloveroom.fr\/wp-content\/uploads\/2025\/03\/WhatsApp-Image-2025-03-14-a-13.44.43_cefb27c5-e1741957627860-100x100.jpg 100w\" sizes=\"(max-width: 300px) 100vw, 300px\" \/><h2 class=\"woocommerce-loop-product__title\">Room House<\/h2>\n\t<span class=\"price\"><span class=\"woocommerce-Price-amount amount\"><bdi>95,00&nbsp;<span class=\"woocommerce-Price-currencySymbol\">&euro;<\/span><\/bdi><\/span><span class=\"yith-wcbk-booking-product-price-unit\"> \/ jour<\/span><\/span>\n<\/a><a href=\"https:\/\/arlesloveroom.fr\/?product=room-house\" data-quantity=\"1\" class=\"ast-on-card-button ast-select-options-trigger product_type_booking add_to_cart_button\" data-product_id=\"1546\" data-product_sku=\"\" aria-label=\"En savoir plus sur &ldquo;Room House&rdquo;\" rel=\"nofollow\"> <span class=\"ast-card-action-tooltip\"> Voir les disponibilit\u00e9s <\/span> <span class=\"ahfb-svg-iconset\"> <span class=\"ast-icon icon-bag\"><svg xmlns=\"http:\/\/www.w3.org\/2000\/svg\" xmlns:xlink=\"http:\/\/www.w3.org\/1999\/xlink\" version=\"1.1\" id=\"ast-bag-icon-svg\" x=\"0px\" y=\"0px\" width=\"100\" height=\"100\" viewBox=\"826 826 140 140\" enable-background=\"new 826 826 140 140\" xml:space=\"preserve\">\n\t\t\t\t<path d=\"M960.758,934.509l2.632,23.541c0.15,1.403-0.25,2.657-1.203,3.761c-0.953,1.053-2.156,1.579-3.61,1.579H833.424  c-1.454,0-2.657-0.526-3.61-1.579c-0.952-1.104-1.354-2.357-1.203-3.761l2.632-23.541H960.758z M953.763,871.405l6.468,58.29H831.77  l6.468-58.29c0.15-1.203,0.677-2.218,1.58-3.045c0.903-0.827,1.981-1.241,3.234-1.241h19.254v9.627c0,2.658,0.94,4.927,2.82,6.807  s4.149,2.82,6.807,2.82c2.658,0,4.926-0.94,6.807-2.82s2.821-4.149,2.821-6.807v-9.627h28.882v9.627  c0,2.658,0.939,4.927,2.819,6.807c1.881,1.88,4.149,2.82,6.807,2.82s4.927-0.94,6.808-2.82c1.879-1.88,2.82-4.149,2.82-6.807v-9.627  h19.253c1.255,0,2.332,0.414,3.235,1.241C953.086,869.187,953.612,870.202,953.763,871.405z M924.881,857.492v19.254  c0,1.304-0.476,2.432-1.429,3.385s-2.08,1.429-3.385,1.429c-1.303,0-2.432-0.477-3.384-1.429c-0.953-0.953-1.43-2.081-1.43-3.385  v-19.254c0-5.315-1.881-9.853-5.641-13.613c-3.76-3.761-8.298-5.641-13.613-5.641s-9.853,1.88-13.613,5.641  c-3.761,3.76-5.641,8.298-5.641,13.613v19.254c0,1.304-0.476,2.432-1.429,3.385c-0.953,0.953-2.081,1.429-3.385,1.429  c-1.303,0-2.432-0.477-3.384-1.429c-0.953-0.953-1.429-2.081-1.429-3.385v-19.254c0-7.973,2.821-14.779,8.461-20.42  c5.641-5.641,12.448-8.461,20.42-8.461c7.973,0,14.779,2.82,20.42,8.461C922.062,842.712,924.881,849.519,924.881,857.492z\" \/>\n\t\t\t\t<\/svg><\/span> <\/span> <\/a><a href=\"https:\/\/arlesloveroom.fr\/?product=room-house\" aria-describedby=\"woocommerce_loop_add_to_cart_link_describedby_1546\" data-quantity=\"1\" class=\"button product_type_booking add_to_cart_button\" data-product_id=\"1546\" data-product_sku=\"\" aria-label=\"En savoir plus sur &ldquo;Room House&rdquo;\" rel=\"nofollow\">Voir les disponibilit\u00e9s<\/a>\t<span id=\"woocommerce_loop_add_to_cart_link_describedby_1546\" class=\"screen-reader-text\">\n\t\t\t<\/span>\n<\/li>\n<li class=\"desktop-align-center tablet-align-left mobile-align-left product type-product post-16 status-publish instock product_cat-appartement has-post-thumbnail sold-individually shipping-taxable purchasable product-type-booking\">\n\t<a href=\"https:\/\/arlesloveroom.fr\/?product=oriental\" class=\"woocommerce-LoopProduct-link woocommerce-loop-product__link\"><img decoding=\"async\" width=\"300\" height=\"300\" src=\"https:\/\/arlesloveroom.fr\/wp-content\/uploads\/2024\/03\/Design-sans-titre-2025-07-16T154147.748-300x300.jpg\" class=\"attachment-woocommerce_thumbnail size-woocommerce_thumbnail\" alt=\"Oriental\" srcset=\"https:\/\/arlesloveroom.fr\/wp-content\/uploads\/2024\/03\/Design-sans-titre-2025-07-16T154147.748-300x300.jpg 300w, https:\/\/arlesloveroom.fr\/wp-content\/uploads\/2024\/03\/Design-sans-titre-2025-07-16T154147.748-1024x1024.jpg 1024w, https:\/\/arlesloveroom.fr\/wp-content\/uploads\/2024\/03\/Design-sans-titre-2025-07-16T154147.748-150x150.jpg 150w, https:\/\/arlesloveroom.fr\/wp-content\/uploads\/2024\/03\/Design-sans-titre-2025-07-16T154147.748-768x768.jpg 768w, https:\/\/arlesloveroom.fr\/wp-content\/uploads\/2024\/03\/Design-sans-titre-2025-07-16T154147.748-600x600.jpg 600w, https:\/\/arlesloveroom.fr\/wp-content\/uploads\/2024\/03\/Design-sans-titre-2025-07-16T154147.748-100x100.jpg 100w, https:\/\/arlesloveroom.fr\/wp-content\/uploads\/2024\/03\/Design-sans-titre-2025-07-16T154147.748.jpg 1080w\" sizes=\"(max-width: 300px) 100vw, 300px\" \/><h2 class=\"woocommerce-loop-product__title\">Oriental<\/h2>\n\t<span class=\"price\"><span class=\"woocommerce-Price-amount amount\"><bdi>95,00&nbsp;<span class=\"woocommerce-Price-currencySymbol\">&euro;<\/span><\/bdi><\/span><span class=\"yith-wcbk-booking-product-price-unit\"> \/ jour<\/span><\/span>\n<\/a><a href=\"https:\/\/arlesloveroom.fr\/?product=oriental\" data-quantity=\"1\" class=\"ast-on-card-button ast-select-options-trigger product_type_booking add_to_cart_button\" data-product_id=\"16\" data-product_sku=\"\" aria-label=\"En savoir plus sur &ldquo;Oriental&rdquo;\" rel=\"nofollow\"> <span class=\"ast-card-action-tooltip\"> Voir les disponibilit\u00e9s <\/span> <span class=\"ahfb-svg-iconset\"> <span class=\"ast-icon icon-bag\"><svg xmlns=\"http:\/\/www.w3.org\/2000\/svg\" xmlns:xlink=\"http:\/\/www.w3.org\/1999\/xlink\" version=\"1.1\" id=\"ast-bag-icon-svg\" x=\"0px\" y=\"0px\" width=\"100\" height=\"100\" viewBox=\"826 826 140 140\" enable-background=\"new 826 826 140 140\" xml:space=\"preserve\">\n\t\t\t\t<path d=\"M960.758,934.509l2.632,23.541c0.15,1.403-0.25,2.657-1.203,3.761c-0.953,1.053-2.156,1.579-3.61,1.579H833.424  c-1.454,0-2.657-0.526-3.61-1.579c-0.952-1.104-1.354-2.357-1.203-3.761l2.632-23.541H960.758z M953.763,871.405l6.468,58.29H831.77  l6.468-58.29c0.15-1.203,0.677-2.218,1.58-3.045c0.903-0.827,1.981-1.241,3.234-1.241h19.254v9.627c0,2.658,0.94,4.927,2.82,6.807  s4.149,2.82,6.807,2.82c2.658,0,4.926-0.94,6.807-2.82s2.821-4.149,2.821-6.807v-9.627h28.882v9.627  c0,2.658,0.939,4.927,2.819,6.807c1.881,1.88,4.149,2.82,6.807,2.82s4.927-0.94,6.808-2.82c1.879-1.88,2.82-4.149,2.82-6.807v-9.627  h19.253c1.255,0,2.332,0.414,3.235,1.241C953.086,869.187,953.612,870.202,953.763,871.405z M924.881,857.492v19.254  c0,1.304-0.476,2.432-1.429,3.385s-2.08,1.429-3.385,1.429c-1.303,0-2.432-0.477-3.384-1.429c-0.953-0.953-1.43-2.081-1.43-3.385  v-19.254c0-5.315-1.881-9.853-5.641-13.613c-3.76-3.761-8.298-5.641-13.613-5.641s-9.853,1.88-13.613,5.641  c-3.761,3.76-5.641,8.298-5.641,13.613v19.254c0,1.304-0.476,2.432-1.429,3.385c-0.953,0.953-2.081,1.429-3.385,1.429  c-1.303,0-2.432-0.477-3.384-1.429c-0.953-0.953-1.429-2.081-1.429-3.385v-19.254c0-7.973,2.821-14.779,8.461-20.42  c5.641-5.641,12.448-8.461,20.42-8.461c7.973,0,14.779,2.82,20.42,8.461C922.062,842.712,924.881,849.519,924.881,857.492z\" \/>\n\t\t\t\t<\/svg><\/span> <\/span> <\/a><a href=\"https:\/\/arlesloveroom.fr\/?product=oriental\" aria-describedby=\"woocommerce_loop_add_to_cart_link_describedby_16\" data-quantity=\"1\" class=\"button product_type_booking add_to_cart_button\" data-product_id=\"16\" data-product_sku=\"\" aria-label=\"En savoir plus sur &ldquo;Oriental&rdquo;\" rel=\"nofollow\">Voir les disponibilit\u00e9s<\/a>\t<span id=\"woocommerce_loop_add_to_cart_link_describedby_16\" class=\"screen-reader-text\">\n\t\t\t<\/span>\n<\/li>\n<\/ul>\n<\/div>\t\t\t\t<\/div>\n\t\t\t\t<\/div>\n\t\t\t\t\t<\/div>\n\t\t\t\t<\/div>\n\t\t<div class=\"elementor-element elementor-element-9d2e5eb e-flex e-con-boxed e-con e-parent\" data-id=\"9d2e5eb\" data-element_type=\"container\" data-e-type=\"container\">\n\t\t\t\t\t<div class=\"e-con-inner\">\n\t\t<div class=\"elementor-element elementor-element-3e7ded3 e-con-full e-flex e-con e-child\" data-id=\"3e7ded3\" data-element_type=\"container\" data-e-type=\"container\">\n\t\t\t\t<div class=\"elementor-element elementor-element-0145e50 elementor-widget elementor-widget-spacer\" data-id=\"0145e50\" data-element_type=\"widget\" data-e-type=\"widget\" data-widget_type=\"spacer.default\">\n\t\t\t\t<div class=\"elementor-widget-container\">\n\t\t\t\t\t\t\t<div class=\"elementor-spacer\">\n\t\t\t<div class=\"elementor-spacer-inner\"><\/div>\n\t\t<\/div>\n\t\t\t\t\t\t<\/div>\n\t\t\t\t<\/div>\n\t\t\t\t<div class=\"elementor-element elementor-element-69e09e3 elementor-align-center elementor-widget elementor-widget-lottie\" data-id=\"69e09e3\" data-element_type=\"widget\" data-e-type=\"widget\" data-settings=\"{&quot;source_json&quot;:{&quot;url&quot;:&quot;https:\\\/\\\/arlesloveroom.fr\\\/wp-content\\\/uploads\\\/2024\\\/03\\\/Ecg_Heart.json&quot;,&quot;id&quot;:143,&quot;size&quot;:&quot;&quot;,&quot;alt&quot;:&quot;&quot;,&quot;source&quot;:&quot;library&quot;},&quot;trigger&quot;:&quot;bind_to_scroll&quot;,&quot;source&quot;:&quot;media_file&quot;,&quot;caption_source&quot;:&quot;none&quot;,&quot;link_to&quot;:&quot;none&quot;,&quot;viewport&quot;:{&quot;unit&quot;:&quot;%&quot;,&quot;size&quot;:&quot;&quot;,&quot;sizes&quot;:{&quot;start&quot;:0,&quot;end&quot;:100}},&quot;effects_relative_to&quot;:&quot;viewport&quot;,&quot;start_point&quot;:{&quot;unit&quot;:&quot;%&quot;,&quot;size&quot;:0,&quot;sizes&quot;:[]},&quot;end_point&quot;:{&quot;unit&quot;:&quot;%&quot;,&quot;size&quot;:100,&quot;sizes&quot;:[]},&quot;renderer&quot;:&quot;svg&quot;}\" data-widget_type=\"lottie.default\">\n\t\t\t\t<div class=\"elementor-widget-container\">\n\t\t\t\t\t<div class=\"e-lottie__container\"><div class=\"e-lottie__animation\"><\/div><\/div>\t\t\t\t<\/div>\n\t\t\t\t<\/div>\n\t\t\t\t<div class=\"elementor-element elementor-element-49bc93c elementor-widget elementor-widget-spacer\" data-id=\"49bc93c\" data-element_type=\"widget\" data-e-type=\"widget\" data-widget_type=\"spacer.default\">\n\t\t\t\t<div class=\"elementor-widget-container\">\n\t\t\t\t\t\t\t<div class=\"elementor-spacer\">\n\t\t\t<div class=\"elementor-spacer-inner\"><\/div>\n\t\t<\/div>\n\t\t\t\t\t\t<\/div>\n\t\t\t\t<\/div>\n\t\t\t\t<\/div>\n\t\t<div class=\"elementor-element elementor-element-026b494 e-con-full e-flex e-con e-child\" data-id=\"026b494\" data-element_type=\"container\" data-e-type=\"container\">\n\t\t\t\t<div class=\"elementor-element elementor-element-63261a1 elementor-widget elementor-widget-heading\" data-id=\"63261a1\" data-element_type=\"widget\" data-e-type=\"widget\" data-widget_type=\"heading.default\">\n\t\t\t\t<div class=\"elementor-widget-container\">\n\t\t\t\t\t<h2 class=\"elementor-heading-title elementor-size-default\">Une Histoire \u00e0 \u00c9crire : S\u00e9jours Adapt\u00e9s \u00e0 Votre Rythme dans notre Ville Authentique\n<\/h2>\t\t\t\t<\/div>\n\t\t\t\t<\/div>\n\t\t\t\t<div class=\"elementor-element elementor-element-960d977 elementor-widget elementor-widget-text-editor\" data-id=\"960d977\" data-element_type=\"widget\" data-e-type=\"widget\" data-widget_type=\"text-editor.default\">\n\t\t\t\t<div class=\"elementor-widget-container\">\n\t\t\t\t\t\t\t\t\t<p>D\u00e9couvrez la quintessence de l&#8217;histoire et du luxe avec notre option de r\u00e9servation flexible. Que vous souhaitiez vous immerger dans l&#8217;atmosph\u00e8re envo\u00fbtante de la ville pour quelques jours ou que vous pr\u00e9voyiez une escapade prolong\u00e9e, nous vous offrons la possibilit\u00e9 de choisir entre des locations \u00e0 courte et \u00e0 longue dur\u00e9e.<\/p>\t\t\t\t\t\t\t\t<\/div>\n\t\t\t\t<\/div>\n\t\t\t\t<\/div>\n\t\t\t\t\t<\/div>\n\t\t\t\t<\/div>\n\t\t<div class=\"elementor-element elementor-element-b150505 e-flex e-con-boxed e-con e-parent\" data-id=\"b150505\" data-element_type=\"container\" data-e-type=\"container\">\n\t\t\t\t\t<div class=\"e-con-inner\">\n\t\t\t\t<div class=\"elementor-element elementor-element-83910eb elementor-widget elementor-widget-spacer\" data-id=\"83910eb\" data-element_type=\"widget\" data-e-type=\"widget\" data-widget_type=\"spacer.default\">\n\t\t\t\t<div class=\"elementor-widget-container\">\n\t\t\t\t\t\t\t<div class=\"elementor-spacer\">\n\t\t\t<div class=\"elementor-spacer-inner\"><\/div>\n\t\t<\/div>\n\t\t\t\t\t\t<\/div>\n\t\t\t\t<\/div>\n\t\t\t\t<div class=\"elementor-element elementor-element-70ed1f7 elementor-widget elementor-widget-google_maps\" data-id=\"70ed1f7\" data-element_type=\"widget\" data-e-type=\"widget\" data-widget_type=\"google_maps.default\">\n\t\t\t\t<div class=\"elementor-widget-container\">\n\t\t\t\t\t\t\t<div class=\"elementor-custom-embed\">\n\t\t\t<iframe loading=\"lazy\"\n\t\t\t\t\tsrc=\"https:\/\/maps.google.com\/maps?q=77%20avenue%20stalingrad%20arles%2013200&#038;t=m&#038;z=10&#038;output=embed&#038;iwloc=near\"\n\t\t\t\t\ttitle=\"77 avenue stalingrad arles 13200\"\n\t\t\t\t\taria-label=\"77 avenue stalingrad arles 13200\"\n\t\t\t><\/iframe>\n\t\t<\/div>\n\t\t\t\t\t\t<\/div>\n\t\t\t\t<\/div>\n\t\t\t\t<div class=\"elementor-element elementor-element-0b03f2a elementor-widget elementor-widget-spacer\" data-id=\"0b03f2a\" data-element_type=\"widget\" data-e-type=\"widget\" data-widget_type=\"spacer.default\">\n\t\t\t\t<div class=\"elementor-widget-container\">\n\t\t\t\t\t\t\t<div class=\"elementor-spacer\">\n\t\t\t<div class=\"elementor-spacer-inner\"><\/div>\n\t\t<\/div>\n\t\t\t\t\t\t<\/div>\n\t\t\t\t<\/div>\n\t\t\t\t\t<\/div>\n\t\t\t\t<\/div>\n\t\t<div class=\"elementor-element elementor-element-b8f7943 e-flex e-con-boxed e-con e-parent\" data-id=\"b8f7943\" data-element_type=\"container\" data-e-type=\"container\">\n\t\t\t\t\t<div class=\"e-con-inner\">\n\t\t\t\t\t<\/div>\n\t\t\t\t<\/div>\n\t\t\t\t<\/div>\n\t\t","protected":false},"excerpt":{"rendered":"<p>Plongez au c\u0153ur de la romance : votre oasis d&#8217;amour avec jacuzzi priv\u00e9 vous attend Arles : Entre Antique et Modernisme Une cit\u00e9 o\u00f9 le temps ancien et le confort contemporain se rencontrent. Marchez sur les traces des Romains, puis d\u00e9tendez-vous dans l&#8217;intimit\u00e9 d&#8217;un jacuzzi, symbole d&#8217;une ville qui marie avec \u00e9l\u00e9gance son h\u00e9ritage historique [&hellip;]<\/p>\n","protected":false},"author":1,"featured_media":0,"parent":0,"menu_order":0,"comment_status":"closed","ping_status":"closed","template":"","meta":{"site-sidebar-layout":"no-sidebar","site-content-layout":"page-builder","ast-site-content-layout":"full-width-container","site-content-style":"default","site-sidebar-style":"default","ast-global-header-display":"","ast-banner-title-visibility":"","ast-main-header-display":"","ast-hfb-above-header-display":"","ast-hfb-below-header-display":"","ast-hfb-mobile-header-display":"","site-post-title":"disabled","ast-breadcrumbs-content":"","ast-featured-img":"disabled","footer-sml-layout":"","ast-disable-related-posts":"","theme-transparent-header-meta":"","adv-header-id-meta":"","stick-header-meta":"","header-above-stick-meta":"","header-main-stick-meta":"","header-below-stick-meta":"","astra-migrate-meta-layouts":"set","ast-page-background-enabled":"default","ast-page-background-meta":{"desktop":{"background-color":"var(--ast-global-color-4)","background-image":"","background-repeat":"repeat","background-position":"center center","background-size":"auto","background-attachment":"scroll","background-type":"","background-media":"","overlay-type":"","overlay-color":"","overlay-opacity":"","overlay-gradient":""},"tablet":{"background-color":"","background-image":"","background-repeat":"repeat","background-position":"center center","background-size":"auto","background-attachment":"scroll","background-type":"","background-media":"","overlay-type":"","overlay-color":"","overlay-opacity":"","overlay-gradient":""},"mobile":{"background-color":"","background-image":"","background-repeat":"repeat","background-position":"center center","background-size":"auto","background-attachment":"scroll","background-type":"","background-media":"","overlay-type":"","overlay-color":"","overlay-opacity":"","overlay-gradient":""}},"ast-content-background-meta":{"desktop":{"background-color":"var(--ast-global-color-5)","background-image":"","background-repeat":"repeat","background-position":"center center","background-size":"auto","background-attachment":"scroll","background-type":"","background-media":"","overlay-type":"","overlay-color":"","overlay-opacity":"","overlay-gradient":""},"tablet":{"background-color":"var(--ast-global-color-5)","background-image":"","background-repeat":"repeat","background-position":"center center","background-size":"auto","background-attachment":"scroll","background-type":"","background-media":"","overlay-type":"","overlay-color":"","overlay-opacity":"","overlay-gradient":""},"mobile":{"background-color":"var(--ast-global-color-5)","background-image":"","background-repeat":"repeat","background-position":"center center","background-size":"auto","background-attachment":"scroll","background-type":"","background-media":"","overlay-type":"","overlay-color":"","overlay-opacity":"","overlay-gradient":""}},"footnotes":""},"class_list":["post-29","page","type-page","status-publish","hentry"],"_links":{"self":[{"href":"https:\/\/arlesloveroom.fr\/index.php?rest_route=\/wp\/v2\/pages\/29","targetHints":{"allow":["GET"]}}],"collection":[{"href":"https:\/\/arlesloveroom.fr\/index.php?rest_route=\/wp\/v2\/pages"}],"about":[{"href":"https:\/\/arlesloveroom.fr\/index.php?rest_route=\/wp\/v2\/types\/page"}],"author":[{"embeddable":true,"href":"https:\/\/arlesloveroom.fr\/index.php?rest_route=\/wp\/v2\/users\/1"}],"replies":[{"embeddable":true,"href":"https:\/\/arlesloveroom.fr\/index.php?rest_route=%2Fwp%2Fv2%2Fcomments&post=29"}],"version-history":[{"count":137,"href":"https:\/\/arlesloveroom.fr\/index.php?rest_route=\/wp\/v2\/pages\/29\/revisions"}],"predecessor-version":[{"id":751,"href":"https:\/\/arlesloveroom.fr\/index.php?rest_route=\/wp\/v2\/pages\/29\/revisions\/751"}],"wp:attachment":[{"href":"https:\/\/arlesloveroom.fr\/index.php?rest_route=%2Fwp%2Fv2%2Fmedia&parent=29"}],"curies":[{"name":"wp","href":"https:\/\/api.w.org\/{rel}","templated":true}]}}